{"id":361,"date":"2023-08-28T20:20:36","date_gmt":"2023-08-28T18:20:36","guid":{"rendered":"https:\/\/financiocr.com\/?page_id=361"},"modified":"2023-09-08T20:03:38","modified_gmt":"2023-09-08T18:03:38","slug":"pre-solicitud-de-credito","status":"publish","type":"page","link":"https:\/\/financiocr.com\/index.php\/pre-solicitud-de-credito\/","title":{"rendered":"Pre &#8211; Solicitud De Cr\u00e9dito"},"content":{"rendered":"\t\t<div data-elementor-type=\"wp-post\" data-elementor-id=\"361\" class=\"elementor elementor-361\">\n\t\t\t\t\t\t\t\t\t<section class=\"elementor-section elementor-top-section elementor-element elementor-element-72dc777 elementor-reverse-tablet elementor-reverse-mobile elementor-section-boxed elementor-section-height-default elementor-section-height-default\" data-id=\"72dc777\" data-element_type=\"section\">\n\t\t\t\t\t\t<div class=\"elementor-container elementor-column-gap-no\">\n\t\t\t\t\t<div class=\"aux-parallax-section elementor-column elementor-col-50 elementor-top-column elementor-element elementor-element-420852e\" data-id=\"420852e\" data-element_type=\"column\">\n\t\t\t<div class=\"elementor-widget-wrap elementor-element-populated\">\n\t\t\t\t\t\t\t\t<div class=\"elementor-element elementor-element-e56b624 aux-appear-watch-animation aux-fade-in-up elementor-widget elementor-widget-aux_modern_heading\" data-id=\"e56b624\" data-element_type=\"widget\" data-widget_type=\"aux_modern_heading.default\">\n\t\t\t\t<div class=\"elementor-widget-container\">\n\t\t\t<section class=\"aux-widget-modern-heading\">\n            <div class=\"aux-widget-inner\"><div class=\"aux-modern-heading-divider\"><\/div><h6 class=\"aux-modern-heading-primary\">\n<\/h6><h6 class=\"aux-modern-heading-secondary\"><span class=\"aux-head-before\">Conversemos<\/span><\/h6><div class=\"aux-modern-heading-description\"><p>\u00bfQui\u00e9nes somos?\u00a0<\/p><p>Educaci\u00f3n financiera<\/p><p>Proceso<\/p><\/div><\/div>\n        <\/section>\t\t<\/div>\n\t\t\t\t<\/div>\n\t\t\t\t<div class=\"elementor-element elementor-element-71408ac elementor-widget elementor-widget-bdt-wp-forms\" data-id=\"71408ac\" data-element_type=\"widget\" data-widget_type=\"bdt-wp-forms.default\">\n\t\t\t\t<div class=\"elementor-widget-container\">\n\t\t\t<div class=\"wpforms-container wpforms-container-full wpforms-render-modern\" id=\"wpforms-365\"><form id=\"wpforms-form-365\" class=\"wpforms-validate wpforms-form wpforms-ajax-form\" data-formid=\"365\" method=\"post\" enctype=\"multipart\/form-data\" action=\"\/index.php\/wp-json\/wp\/v2\/pages\/361\" data-token=\"268c0318c82e550407d62d41df309ec6\"><noscript class=\"wpforms-error-noscript\">Please enable JavaScript in your browser to complete this form.<\/noscript><div class=\"wpforms-hidden\" id=\"wpforms-error-noscript\">Please enable JavaScript in your browser to complete this form.<\/div><div class=\"wpforms-field-container\"><div id=\"wpforms-365-field_1-container\" class=\"wpforms-field wpforms-field-text\" data-field-id=\"1\"><label class=\"wpforms-field-label\" for=\"wpforms-365-field_1\">\u00bfA qu\u00e9 sector pertenece? <span class=\"wpforms-required-label\" aria-hidden=\"true\">*<\/span><\/label><input type=\"text\" id=\"wpforms-365-field_1\" class=\"wpforms-field-medium wpforms-field-required\" name=\"wpforms[fields][1]\" aria-errormessage=\"wpforms-365-field_1-error\" aria-describedby=\"wpforms-365-field_1-description\" required><div id=\"wpforms-365-field_1-description\" class=\"wpforms-field-description\">Sector P\u00fablico o Sector Privado\r\n<\/div><\/div><div id=\"wpforms-365-field_2-container\" class=\"wpforms-field wpforms-field-name\" data-field-id=\"2\"><label class=\"wpforms-field-label\" for=\"wpforms-365-field_2\">Nombre <span class=\"wpforms-required-label\" aria-hidden=\"true\">*<\/span><\/label><input type=\"text\" id=\"wpforms-365-field_2\" class=\"wpforms-field-medium wpforms-field-required\" name=\"wpforms[fields][2]\" aria-errormessage=\"wpforms-365-field_2-error\" required><\/div><div id=\"wpforms-365-field_3-container\" class=\"wpforms-field wpforms-field-text\" data-field-id=\"3\"><label class=\"wpforms-field-label\" for=\"wpforms-365-field_3\">N\u00famero de identificaci\u00f3n: <span class=\"wpforms-required-label\" aria-hidden=\"true\">*<\/span><\/label><input type=\"text\" id=\"wpforms-365-field_3\" class=\"wpforms-field-medium wpforms-field-required\" name=\"wpforms[fields][3]\" aria-errormessage=\"wpforms-365-field_3-error\" aria-describedby=\"wpforms-365-field_3-description\" required><div id=\"wpforms-365-field_3-description\" class=\"wpforms-field-description\">C\u00e9dula de identidad  - DIMEX - C\u00e9dula de residencia\r\n<\/div><\/div><div id=\"wpforms-365-field_4-container\" class=\"wpforms-field wpforms-field-text\" data-field-id=\"4\"><label class=\"wpforms-field-label\" for=\"wpforms-365-field_4\">Celular - N\u00famero de tel\u00e9fono: <span class=\"wpforms-required-label\" aria-hidden=\"true\">*<\/span><\/label><input type=\"text\" id=\"wpforms-365-field_4\" class=\"wpforms-field-medium wpforms-field-required\" name=\"wpforms[fields][4]\" aria-errormessage=\"wpforms-365-field_4-error\" required><\/div><div id=\"wpforms-365-field_5-container\" class=\"wpforms-field wpforms-field-text\" data-field-id=\"5\"><label class=\"wpforms-field-label\" for=\"wpforms-365-field_5\">Correo electr\u00f3nico <span class=\"wpforms-required-label\" aria-hidden=\"true\">*<\/span><\/label><input type=\"text\" id=\"wpforms-365-field_5\" class=\"wpforms-field-medium wpforms-field-required\" name=\"wpforms[fields][5]\" aria-errormessage=\"wpforms-365-field_5-error\" required><\/div><div id=\"wpforms-365-field_6-container\" class=\"wpforms-field wpforms-field-text\" data-field-id=\"6\"><label class=\"wpforms-field-label\" for=\"wpforms-365-field_6\">Salario actual:  <span class=\"wpforms-required-label\" aria-hidden=\"true\">*<\/span><\/label><input type=\"text\" id=\"wpforms-365-field_6\" class=\"wpforms-field-medium wpforms-field-required\" name=\"wpforms[fields][6]\" aria-errormessage=\"wpforms-365-field_6-error\" required><\/div><div id=\"wpforms-365-field_7-container\" class=\"wpforms-field wpforms-field-text\" data-field-id=\"7\"><label class=\"wpforms-field-label\" for=\"wpforms-365-field_7\">\u00bfMonto que desea solicitar?: <span class=\"wpforms-required-label\" aria-hidden=\"true\">*<\/span><\/label><input type=\"text\" id=\"wpforms-365-field_7\" class=\"wpforms-field-medium wpforms-field-required\" name=\"wpforms[fields][7]\" aria-errormessage=\"wpforms-365-field_7-error\" required><\/div><div id=\"wpforms-365-field_8-container\" class=\"wpforms-field wpforms-field-payment-checkbox\" data-field-id=\"8\"><fieldset><legend class=\"wpforms-field-label\">Elementos de casilla de verificaci\u00f3n <span class=\"wpforms-required-label\" aria-hidden=\"true\">*<\/span><\/legend><ul id=\"wpforms-365-field_8\" class=\"wpforms-field-required\"><li class=\"choice-1\"><input type=\"checkbox\" id=\"wpforms-365-field_8_1\" class=\"wpforms-payment-price\" data-amount=\"0.00\" name=\"wpforms[fields][8][]\" value=\"1\" aria-errormessage=\"wpforms-365-field_8_1-error\" required ><label class=\"wpforms-field-label-inline\" for=\"wpforms-365-field_8_1\">SI<\/label><\/li><li class=\"choice-2\"><input type=\"checkbox\" id=\"wpforms-365-field_8_2\" class=\"wpforms-payment-price\" data-amount=\"0.00\" name=\"wpforms[fields][8][]\" value=\"2\" aria-errormessage=\"wpforms-365-field_8_2-error\" required ><label class=\"wpforms-field-label-inline\" for=\"wpforms-365-field_8_2\">NO<\/label><\/li><\/ul><\/fieldset><\/div><div id=\"wpforms-365-field_9-container\" class=\"wpforms-field wpforms-field-text\" data-field-id=\"9\"><label class=\"wpforms-field-label\" for=\"wpforms-365-field_9\">Alg\u00fan comentario adicional:<\/label><input type=\"text\" id=\"wpforms-365-field_9\" class=\"wpforms-field-medium\" name=\"wpforms[fields][9]\" aria-errormessage=\"wpforms-365-field_9-error\" ><\/div><\/div><!-- .wpforms-field-container --><div class=\"wpforms-submit-container\" ><input type=\"hidden\" name=\"wpforms[id]\" value=\"365\"><input type=\"hidden\" name=\"wpforms[author]\" value=\"1\"><button type=\"submit\" name=\"wpforms[submit]\" id=\"wpforms-submit-365\" class=\"wpforms-submit\" data-alt-text=\"Enviando...\" data-submit-text=\"Enviar\" aria-live=\"assertive\" value=\"wpforms-submit\">Enviar<\/button><img decoding=\"async\" loading=\"lazy\" src=\"https:\/\/financiocr.com\/wp-content\/plugins\/wpforms-lite\/assets\/images\/submit-spin.svg\" class=\"wpforms-submit-spinner\" style=\"display: none;\" width=\"26\" height=\"26\" alt=\"Loading\"><\/div><\/form><\/div>  <!-- .wpforms-container -->\t\t<\/div>\n\t\t\t\t<\/div>\n\t\t\t\t\t<\/div>\n\t\t<\/div>\n\t\t\t\t<div class=\"aux-parallax-section elementor-column elementor-col-50 elementor-top-column elementor-element elementor-element-126a4d5\" data-id=\"126a4d5\" data-element_type=\"column\">\n\t\t\t<div class=\"elementor-widget-wrap elementor-element-populated\">\n\t\t\t\t\t\t\t\t<div class=\"aux-scroll-anim elementor-element elementor-element-9d9fd6b aux-appear-watch-animation aux-mask-from-top elementor-widget elementor-widget-aux_image\" data-move-in=\"\" data-move-out=\"moveVertical\" data-axis-x=\"200\" data-axis-y=\"40\" data-rotate=\"90\" data-scale=\"1\" data-vp-top=\"0.5\" data-vp-bot=\"0.5\" data-el-top=\"0.2\" data-scroll-animation-off=\"1024\" data-id=\"9d9fd6b\" data-element_type=\"widget\" data-widget_type=\"aux_image.default\">\n\t\t\t\t<div class=\"elementor-widget-container\">\n\t\t\t<section class=\"widget-container aux-widget-image aux-alignnone aux-parent-auded64e8d\">\n    <div class=\"aux-media-hint-frame \">\n        <div class=\"aux-media-image \" >\n        \n            \n\n            \n            <img decoding=\"async\" loading=\"lazy\" width=\"800\" height=\"532\" src=\"image\/gif;base64,R0lGODlhAQABAIAAAAAAAP\/\/\/yH5BAEAAAAALAAAAAABAAEAAAIBRAA7\" class=\"aux-attachment aux-featured-image aux-attachment-id-294 aux-preload aux-blank\" alt=\"3\" data-ratio=\"1.5\" data-original-w=\"800\" data-src=\"https:\/\/financiocr.com\/wp-content\/uploads\/2023\/08\/3.png\" \/>            \n                <\/div>\n    <\/div>\n\n<\/section><!-- widget-container -->\t\t<\/div>\n\t\t\t\t<\/div>\n\t\t\t\t\t<\/div>\n\t\t<\/div>\n\t\t\t\t\t\t\t<\/div>\n\t\t<\/section>\n\t\t\t\t<section class=\"elementor-section elementor-top-section elementor-element elementor-element-72ae574 elementor-section-boxed elementor-section-height-default elementor-section-height-default\" data-id=\"72ae574\" data-element_type=\"section\">\n\t\t\t\t\t\t<div class=\"elementor-container elementor-column-gap-default\">\n\t\t\t\t\t<div class=\"aux-parallax-section elementor-column elementor-col-100 elementor-top-column elementor-element elementor-element-d508b5f\" data-id=\"d508b5f\" data-element_type=\"column\">\n\t\t\t<div class=\"elementor-widget-wrap elementor-element-populated\">\n\t\t\t\t\t\t\t\t<div class=\"elementor-element elementor-element-62486bf elementor-widget elementor-widget-spacer\" data-id=\"62486bf\" data-element_type=\"widget\" data-widget_type=\"spacer.default\">\n\t\t\t\t<div class=\"elementor-widget-container\">\n\t\t\t\t\t<div class=\"elementor-spacer\">\n\t\t\t<div class=\"elementor-spacer-inner\"><\/div>\n\t\t<\/div>\n\t\t\t\t<\/div>\n\t\t\t\t<\/div>\n\t\t\t\t<div class=\"elementor-element elementor-element-b1be5f4 elementor-widget-divider--view-line elementor-widget elementor-widget-divider\" data-id=\"b1be5f4\" data-element_type=\"widget\" data-widget_type=\"divider.default\">\n\t\t\t\t<div class=\"elementor-widget-container\">\n\t\t\t\t\t<div class=\"elementor-divider\">\n\t\t\t<span class=\"elementor-divider-separator\">\n\t\t\t\t\t\t<\/span>\n\t\t<\/div>\n\t\t\t\t<\/div>\n\t\t\t\t<\/div>\n\t\t\t\t<div class=\"elementor-element elementor-element-01c94f5 elementor-widget elementor-widget-heading\" data-id=\"01c94f5\" data-element_type=\"widget\" data-widget_type=\"heading.default\">\n\t\t\t\t<div class=\"elementor-widget-container\">\n\t\t\t<h2 class=\"elementor-heading-title elementor-size-default\">\u00bfC\u00d3MO FUNCIONA EL TR\u00c1MITE?\n<\/h2>\t\t<\/div>\n\t\t\t\t<\/div>\n\t\t\t\t\t<\/div>\n\t\t<\/div>\n\t\t\t\t\t\t\t<\/div>\n\t\t<\/section>\n\t\t\t\t<section class=\"elementor-section elementor-top-section elementor-element elementor-element-70c186a elementor-section-boxed elementor-section-height-default elementor-section-height-default\" data-id=\"70c186a\" data-element_type=\"section\">\n\t\t\t\t\t\t<div class=\"elementor-container elementor-column-gap-default\">\n\t\t\t\t\t<div class=\"aux-parallax-section elementor-column elementor-col-33 elementor-top-column elementor-element elementor-element-9c900aa\" data-id=\"9c900aa\" data-element_type=\"column\">\n\t\t\t<div class=\"elementor-widget-wrap elementor-element-populated\">\n\t\t\t\t\t\t\t\t<div class=\"elementor-element elementor-element-a3cbf5c elementor-widget elementor-widget-image\" data-id=\"a3cbf5c\" data-element_type=\"widget\" data-widget_type=\"image.default\">\n\t\t\t\t<div class=\"elementor-widget-container\">\n\t\t\t\t\t\t\t\t\t\t\t\t\t\t\t<img decoding=\"async\" loading=\"lazy\" width=\"100\" height=\"100\" src=\"https:\/\/financiocr.com\/wp-content\/uploads\/2023\/08\/iconos_Mesa-de-trabajo-1-copia-4-100x100.png\" class=\"attachment-woocommerce_gallery_thumbnail size-woocommerce_gallery_thumbnail wp-image-325\" alt=\"\" srcset=\"https:\/\/financiocr.com\/wp-content\/uploads\/2023\/08\/iconos_Mesa-de-trabajo-1-copia-4-100x100.png 100w, https:\/\/financiocr.com\/wp-content\/uploads\/2023\/08\/iconos_Mesa-de-trabajo-1-copia-4-150x150.png 150w, https:\/\/financiocr.com\/wp-content\/uploads\/2023\/08\/iconos_Mesa-de-trabajo-1-copia-4-200x200.png 200w, https:\/\/financiocr.com\/wp-content\/uploads\/2023\/08\/iconos_Mesa-de-trabajo-1-copia-4.png 209w\" sizes=\"(max-width: 100px) 100vw, 100px\" \/>\t\t\t\t\t\t\t\t\t\t\t\t\t\t\t<\/div>\n\t\t\t\t<\/div>\n\t\t\t\t<div class=\"elementor-element elementor-element-0a4a768 elementor-widget elementor-widget-heading\" data-id=\"0a4a768\" data-element_type=\"widget\" data-widget_type=\"heading.default\">\n\t\t\t\t<div class=\"elementor-widget-container\">\n\t\t\t<h2 class=\"elementor-heading-title elementor-size-default\">01. Filtro inicial \n<\/h2>\t\t<\/div>\n\t\t\t\t<\/div>\n\t\t\t\t<div class=\"elementor-element elementor-element-a226697 elementor-widget elementor-widget-text-editor\" data-id=\"a226697\" data-element_type=\"widget\" data-widget_type=\"text-editor.default\">\n\t\t\t\t<div class=\"elementor-widget-container\">\n\t\t\t\t\t\t\t<p>Se visita la entidad bancaria para finalizar el proceso.<\/p>\t\t\t\t\t\t<\/div>\n\t\t\t\t<\/div>\n\t\t\t\t\t<\/div>\n\t\t<\/div>\n\t\t\t\t<div class=\"aux-parallax-section elementor-column elementor-col-33 elementor-top-column elementor-element elementor-element-0f530f1\" data-id=\"0f530f1\" data-element_type=\"column\">\n\t\t\t<div class=\"elementor-widget-wrap elementor-element-populated\">\n\t\t\t\t\t\t\t\t<div class=\"elementor-element elementor-element-5548646 elementor-widget elementor-widget-image\" data-id=\"5548646\" data-element_type=\"widget\" data-widget_type=\"image.default\">\n\t\t\t\t<div class=\"elementor-widget-container\">\n\t\t\t\t\t\t\t\t\t\t\t\t\t\t\t<img decoding=\"async\" loading=\"lazy\" width=\"100\" height=\"100\" src=\"https:\/\/financiocr.com\/wp-content\/uploads\/2023\/08\/iconos_Mesa-de-trabajo-1-copia-5-100x100.png\" class=\"attachment-woocommerce_gallery_thumbnail size-woocommerce_gallery_thumbnail wp-image-326\" alt=\"\" srcset=\"https:\/\/financiocr.com\/wp-content\/uploads\/2023\/08\/iconos_Mesa-de-trabajo-1-copia-5-100x100.png 100w, https:\/\/financiocr.com\/wp-content\/uploads\/2023\/08\/iconos_Mesa-de-trabajo-1-copia-5-150x150.png 150w, https:\/\/financiocr.com\/wp-content\/uploads\/2023\/08\/iconos_Mesa-de-trabajo-1-copia-5-200x200.png 200w, https:\/\/financiocr.com\/wp-content\/uploads\/2023\/08\/iconos_Mesa-de-trabajo-1-copia-5.png 209w\" sizes=\"(max-width: 100px) 100vw, 100px\" \/>\t\t\t\t\t\t\t\t\t\t\t\t\t\t\t<\/div>\n\t\t\t\t<\/div>\n\t\t\t\t<div class=\"elementor-element elementor-element-cb73703 elementor-widget elementor-widget-heading\" data-id=\"cb73703\" data-element_type=\"widget\" data-widget_type=\"heading.default\">\n\t\t\t\t<div class=\"elementor-widget-container\">\n\t\t\t<h2 class=\"elementor-heading-title elementor-size-default\">02. Gesti\u00f3n bancaria \n\n<\/h2>\t\t<\/div>\n\t\t\t\t<\/div>\n\t\t\t\t<div class=\"elementor-element elementor-element-50af50f elementor-widget elementor-widget-text-editor\" data-id=\"50af50f\" data-element_type=\"widget\" data-widget_type=\"text-editor.default\">\n\t\t\t\t<div class=\"elementor-widget-container\">\n\t\t\t\t\t\t\t<p>Se env\u00eda la informaci\u00f3n a los bancos para obtener posibles ofertas<\/p>\t\t\t\t\t\t<\/div>\n\t\t\t\t<\/div>\n\t\t\t\t\t<\/div>\n\t\t<\/div>\n\t\t\t\t<div class=\"aux-parallax-section elementor-column elementor-col-33 elementor-top-column elementor-element elementor-element-353321f\" data-id=\"353321f\" data-element_type=\"column\">\n\t\t\t<div class=\"elementor-widget-wrap elementor-element-populated\">\n\t\t\t\t\t\t\t\t<div class=\"elementor-element elementor-element-cbbe32a elementor-widget elementor-widget-image\" data-id=\"cbbe32a\" data-element_type=\"widget\" data-widget_type=\"image.default\">\n\t\t\t\t<div class=\"elementor-widget-container\">\n\t\t\t\t\t\t\t\t\t\t\t\t\t\t\t<img decoding=\"async\" loading=\"lazy\" width=\"100\" height=\"100\" src=\"https:\/\/financiocr.com\/wp-content\/uploads\/2023\/08\/iconos_Mesa-de-trabajo-1-copia-6-100x100.png\" class=\"attachment-woocommerce_gallery_thumbnail size-woocommerce_gallery_thumbnail wp-image-327\" alt=\"\" srcset=\"https:\/\/financiocr.com\/wp-content\/uploads\/2023\/08\/iconos_Mesa-de-trabajo-1-copia-6-100x100.png 100w, https:\/\/financiocr.com\/wp-content\/uploads\/2023\/08\/iconos_Mesa-de-trabajo-1-copia-6-150x150.png 150w, https:\/\/financiocr.com\/wp-content\/uploads\/2023\/08\/iconos_Mesa-de-trabajo-1-copia-6-200x200.png 200w, https:\/\/financiocr.com\/wp-content\/uploads\/2023\/08\/iconos_Mesa-de-trabajo-1-copia-6.png 209w\" sizes=\"(max-width: 100px) 100vw, 100px\" \/>\t\t\t\t\t\t\t\t\t\t\t\t\t\t\t<\/div>\n\t\t\t\t<\/div>\n\t\t\t\t<div class=\"elementor-element elementor-element-8a9f342 elementor-widget elementor-widget-heading\" data-id=\"8a9f342\" data-element_type=\"widget\" data-widget_type=\"heading.default\">\n\t\t\t\t<div class=\"elementor-widget-container\">\n\t\t\t<h2 class=\"elementor-heading-title elementor-size-default\">03. Presentaci\u00f3n de ofertas \n\n<\/h2>\t\t<\/div>\n\t\t\t\t<\/div>\n\t\t\t\t<div class=\"elementor-element elementor-element-12c4386 elementor-widget elementor-widget-text-editor\" data-id=\"12c4386\" data-element_type=\"widget\" data-widget_type=\"text-editor.default\">\n\t\t\t\t<div class=\"elementor-widget-container\">\n\t\t\t\t\t\t\t<p>Se presentan y asesora al cliente sobre las cotizaciones<\/p>\t\t\t\t\t\t<\/div>\n\t\t\t\t<\/div>\n\t\t\t\t\t<\/div>\n\t\t<\/div>\n\t\t\t\t\t\t\t<\/div>\n\t\t<\/section>\n\t\t\t\t<section class=\"elementor-section elementor-top-section elementor-element elementor-element-587ff7c elementor-section-boxed elementor-section-height-default elementor-section-height-default\" data-id=\"587ff7c\" data-element_type=\"section\">\n\t\t\t\t\t\t<div class=\"elementor-container elementor-column-gap-default\">\n\t\t\t\t\t<div class=\"aux-parallax-section elementor-column elementor-col-50 elementor-top-column elementor-element elementor-element-cd67980\" data-id=\"cd67980\" data-element_type=\"column\">\n\t\t\t<div class=\"elementor-widget-wrap elementor-element-populated\">\n\t\t\t\t\t\t\t\t<div class=\"elementor-element elementor-element-b37e47f elementor-widget elementor-widget-image\" data-id=\"b37e47f\" data-element_type=\"widget\" data-widget_type=\"image.default\">\n\t\t\t\t<div class=\"elementor-widget-container\">\n\t\t\t\t\t\t\t\t\t\t\t\t\t\t\t<img decoding=\"async\" loading=\"lazy\" width=\"100\" height=\"100\" src=\"https:\/\/financiocr.com\/wp-content\/uploads\/2023\/08\/iconos_Mesa-de-trabajo-1-copia-7-100x100.png\" class=\"attachment-woocommerce_gallery_thumbnail size-woocommerce_gallery_thumbnail wp-image-328\" alt=\"\" srcset=\"https:\/\/financiocr.com\/wp-content\/uploads\/2023\/08\/iconos_Mesa-de-trabajo-1-copia-7-100x100.png 100w, https:\/\/financiocr.com\/wp-content\/uploads\/2023\/08\/iconos_Mesa-de-trabajo-1-copia-7-150x150.png 150w, https:\/\/financiocr.com\/wp-content\/uploads\/2023\/08\/iconos_Mesa-de-trabajo-1-copia-7-200x200.png 200w, https:\/\/financiocr.com\/wp-content\/uploads\/2023\/08\/iconos_Mesa-de-trabajo-1-copia-7.png 209w\" sizes=\"(max-width: 100px) 100vw, 100px\" \/>\t\t\t\t\t\t\t\t\t\t\t\t\t\t\t<\/div>\n\t\t\t\t<\/div>\n\t\t\t\t\t<\/div>\n\t\t<\/div>\n\t\t\t\t<div class=\"aux-parallax-section elementor-column elementor-col-50 elementor-top-column elementor-element elementor-element-854af0d\" data-id=\"854af0d\" data-element_type=\"column\">\n\t\t\t<div class=\"elementor-widget-wrap elementor-element-populated\">\n\t\t\t\t\t\t\t\t<div class=\"elementor-element elementor-element-17e6e74 elementor-widget elementor-widget-image\" data-id=\"17e6e74\" data-element_type=\"widget\" data-widget_type=\"image.default\">\n\t\t\t\t<div class=\"elementor-widget-container\">\n\t\t\t\t\t\t\t\t\t\t\t\t\t\t\t<img decoding=\"async\" loading=\"lazy\" width=\"100\" height=\"100\" src=\"https:\/\/financiocr.com\/wp-content\/uploads\/2023\/08\/iconos_Mesa-de-trabajo-1-copia-8-100x100.png\" class=\"attachment-woocommerce_gallery_thumbnail size-woocommerce_gallery_thumbnail wp-image-329\" alt=\"\" srcset=\"https:\/\/financiocr.com\/wp-content\/uploads\/2023\/08\/iconos_Mesa-de-trabajo-1-copia-8-100x100.png 100w, https:\/\/financiocr.com\/wp-content\/uploads\/2023\/08\/iconos_Mesa-de-trabajo-1-copia-8-150x150.png 150w, https:\/\/financiocr.com\/wp-content\/uploads\/2023\/08\/iconos_Mesa-de-trabajo-1-copia-8-200x200.png 200w, https:\/\/financiocr.com\/wp-content\/uploads\/2023\/08\/iconos_Mesa-de-trabajo-1-copia-8.png 209w\" sizes=\"(max-width: 100px) 100vw, 100px\" \/>\t\t\t\t\t\t\t\t\t\t\t\t\t\t\t<\/div>\n\t\t\t\t<\/div>\n\t\t\t\t\t<\/div>\n\t\t<\/div>\n\t\t\t\t\t\t\t<\/div>\n\t\t<\/section>\n\t\t\t\t<section class=\"elementor-section elementor-top-section elementor-element elementor-element-ffc75ef elementor-section-boxed elementor-section-height-default elementor-section-height-default\" data-id=\"ffc75ef\" data-element_type=\"section\">\n\t\t\t\t\t\t<div class=\"elementor-container elementor-column-gap-default\">\n\t\t\t\t\t<div class=\"aux-parallax-section elementor-column elementor-col-50 elementor-top-column elementor-element elementor-element-789b995\" data-id=\"789b995\" data-element_type=\"column\">\n\t\t\t<div class=\"elementor-widget-wrap elementor-element-populated\">\n\t\t\t\t\t\t\t\t<div class=\"elementor-element elementor-element-12a8cbe elementor-widget elementor-widget-heading\" data-id=\"12a8cbe\" data-element_type=\"widget\" data-widget_type=\"heading.default\">\n\t\t\t\t<div class=\"elementor-widget-container\">\n\t\t\t<h2 class=\"elementor-heading-title elementor-size-default\">04. Aprobaci\u00f3n\n\n<\/h2>\t\t<\/div>\n\t\t\t\t<\/div>\n\t\t\t\t<div class=\"elementor-element elementor-element-26727db elementor-widget elementor-widget-text-editor\" data-id=\"26727db\" data-element_type=\"widget\" data-widget_type=\"text-editor.default\">\n\t\t\t\t<div class=\"elementor-widget-container\">\n\t\t\t\t\t\t\t<p>Se emite el cr\u00e9dito seg\u00fan aprobaci\u00f3n de cliente<\/p>\t\t\t\t\t\t<\/div>\n\t\t\t\t<\/div>\n\t\t\t\t\t<\/div>\n\t\t<\/div>\n\t\t\t\t<div class=\"aux-parallax-section elementor-column elementor-col-50 elementor-top-column elementor-element elementor-element-211d8d7\" data-id=\"211d8d7\" data-element_type=\"column\">\n\t\t\t<div class=\"elementor-widget-wrap elementor-element-populated\">\n\t\t\t\t\t\t\t\t<div class=\"elementor-element elementor-element-347c2b2 elementor-widget elementor-widget-heading\" data-id=\"347c2b2\" data-element_type=\"widget\" data-widget_type=\"heading.default\">\n\t\t\t\t<div class=\"elementor-widget-container\">\n\t\t\t<h2 class=\"elementor-heading-title elementor-size-default\">05. Formalizaci\u00f3n\n\n\n<\/h2>\t\t<\/div>\n\t\t\t\t<\/div>\n\t\t\t\t<div class=\"elementor-element elementor-element-0459b03 elementor-widget elementor-widget-text-editor\" data-id=\"0459b03\" data-element_type=\"widget\" data-widget_type=\"text-editor.default\">\n\t\t\t\t<div class=\"elementor-widget-container\">\n\t\t\t\t\t\t\t<p>Se visita la entidad bancaria para finalizar el proceso.<\/p>\t\t\t\t\t\t<\/div>\n\t\t\t\t<\/div>\n\t\t\t\t\t<\/div>\n\t\t<\/div>\n\t\t\t\t\t\t\t<\/div>\n\t\t<\/section>\n\t\t\t\t\t\t\t<\/div>\n\t\t","protected":false},"excerpt":{"rendered":"<p>Conversemos \u00bfQui\u00e9nes somos?\u00a0 Educaci\u00f3n financiera Proceso \u00bfC\u00d3MO FUNCIONA EL TR\u00c1MITE? 01. Filtro inicial Se visita la entidad bancaria para finalizar el proceso. 02. Gesti\u00f3n bancaria Se env\u00eda la informaci\u00f3n a los bancos para obtener posibles ofertas 03. Presentaci\u00f3n de ofertas Se presentan y asesora al cliente sobre las cotizaciones 04. Aprobaci\u00f3n Se emite el cr\u00e9dito [&hellip;]<\/p>\n","protected":false},"author":1,"featured_media":0,"parent":0,"menu_order":0,"comment_status":"closed","ping_status":"closed","template":"","meta":{"footnotes":""},"_links":{"self":[{"href":"https:\/\/financiocr.com\/index.php\/wp-json\/wp\/v2\/pages\/361"}],"collection":[{"href":"https:\/\/financiocr.com\/index.php\/wp-json\/wp\/v2\/pages"}],"about":[{"href":"https:\/\/financiocr.com\/index.php\/wp-json\/wp\/v2\/types\/page"}],"author":[{"embeddable":true,"href":"https:\/\/financiocr.com\/index.php\/wp-json\/wp\/v2\/users\/1"}],"replies":[{"embeddable":true,"href":"https:\/\/financiocr.com\/index.php\/wp-json\/wp\/v2\/comments?post=361"}],"version-history":[{"count":16,"href":"https:\/\/financiocr.com\/index.php\/wp-json\/wp\/v2\/pages\/361\/revisions"}],"predecessor-version":[{"id":492,"href":"https:\/\/financiocr.com\/index.php\/wp-json\/wp\/v2\/pages\/361\/revisions\/492"}],"wp:attachment":[{"href":"https:\/\/financiocr.com\/index.php\/wp-json\/wp\/v2\/media?parent=361"}],"curies":[{"name":"wp","href":"https:\/\/api.w.org\/{rel}","templated":true}]}}