{"id":351,"date":"2023-08-28T20:03:06","date_gmt":"2023-08-28T18:03:06","guid":{"rendered":"https:\/\/financiocr.com\/?page_id=351"},"modified":"2023-09-08T19:59:19","modified_gmt":"2023-09-08T17:59:19","slug":"educacion-financiera-2","status":"publish","type":"page","link":"https:\/\/financiocr.com\/index.php\/educacion-financiera-2\/","title":{"rendered":"Educaci\u00f3n financiera 2"},"content":{"rendered":"\t\t<div data-elementor-type=\"wp-post\" data-elementor-id=\"351\" class=\"elementor elementor-351\">\n\t\t\t\t\t\t\t\t\t<section class=\"elementor-section elementor-top-section elementor-element elementor-element-72dc777 elementor-reverse-tablet elementor-reverse-mobile elementor-section-boxed elementor-section-height-default elementor-section-height-default\" data-id=\"72dc777\" data-element_type=\"section\">\n\t\t\t\t\t\t<div class=\"elementor-container elementor-column-gap-no\">\n\t\t\t\t\t<div class=\"aux-parallax-section elementor-column elementor-col-50 elementor-top-column elementor-element elementor-element-420852e\" data-id=\"420852e\" data-element_type=\"column\">\n\t\t\t<div class=\"elementor-widget-wrap elementor-element-populated\">\n\t\t\t\t\t\t\t\t<div class=\"elementor-element elementor-element-b07c728 elementor-widget elementor-widget-spacer\" data-id=\"b07c728\" data-element_type=\"widget\" data-widget_type=\"spacer.default\">\n\t\t\t\t<div class=\"elementor-widget-container\">\n\t\t\t\t\t<div class=\"elementor-spacer\">\n\t\t\t<div class=\"elementor-spacer-inner\"><\/div>\n\t\t<\/div>\n\t\t\t\t<\/div>\n\t\t\t\t<\/div>\n\t\t\t\t<div class=\"elementor-element elementor-element-e56b624 aux-appear-watch-animation aux-fade-in-up elementor-widget elementor-widget-aux_modern_heading\" data-id=\"e56b624\" data-element_type=\"widget\" data-widget_type=\"aux_modern_heading.default\">\n\t\t\t\t<div class=\"elementor-widget-container\">\n\t\t\t<section class=\"aux-widget-modern-heading\">\n            <div class=\"aux-widget-inner\"><div class=\"aux-modern-heading-divider\"><\/div><h6 class=\"aux-modern-heading-primary\">\n<\/h6><h6 class=\"aux-modern-heading-secondary\"><span class=\"aux-head-before\">Educaci\u00f3n financiera<\/span><\/h6><div class=\"aux-modern-heading-description\"><p>Contamos con una programa de educaci\u00f3n financiera, donde le ayudamos con una asesor\u00eda, para ense\u00f1arle como salir de deudas de manera anticipada, generar ingresos con inversiones de manera controlada.<\/p><\/div><\/div>\n        <\/section>\t\t<\/div>\n\t\t\t\t<\/div>\n\t\t\t\t\t<\/div>\n\t\t<\/div>\n\t\t\t\t<div class=\"aux-parallax-section elementor-column elementor-col-50 elementor-top-column elementor-element elementor-element-126a4d5\" data-id=\"126a4d5\" data-element_type=\"column\">\n\t\t\t<div class=\"elementor-widget-wrap elementor-element-populated\">\n\t\t\t\t\t\t\t\t<div class=\"aux-scroll-anim elementor-element elementor-element-9d9fd6b aux-appear-watch-animation aux-mask-from-top elementor-widget elementor-widget-aux_image\" data-move-in=\"\" data-move-out=\"moveVertical\" data-axis-x=\"200\" data-axis-y=\"40\" data-rotate=\"90\" data-scale=\"1\" data-vp-top=\"0.5\" data-vp-bot=\"0.5\" data-el-top=\"0.2\" data-scroll-animation-off=\"1024\" data-id=\"9d9fd6b\" data-element_type=\"widget\" data-widget_type=\"aux_image.default\">\n\t\t\t\t<div class=\"elementor-widget-container\">\n\t\t\t<section class=\"widget-container aux-widget-image aux-alignnone aux-parent-au6e5d5339\">\n    <div class=\"aux-media-hint-frame \">\n        <div class=\"aux-media-image \" >\n        \n            \n\n            \n            <img decoding=\"async\" loading=\"lazy\" width=\"800\" height=\"532\" src=\"image\/gif;base64,R0lGODlhAQABAIAAAAAAAP\/\/\/yH5BAEAAAAALAAAAAABAAEAAAIBRAA7\" class=\"aux-attachment aux-featured-image aux-attachment-id-339 aux-preload aux-blank\" alt=\"5\" data-ratio=\"1.5\" data-original-w=\"800\" data-src=\"https:\/\/financiocr.com\/wp-content\/uploads\/2023\/08\/5.jpg\" \/>            \n                <\/div>\n    <\/div>\n\n<\/section><!-- widget-container -->\t\t<\/div>\n\t\t\t\t<\/div>\n\t\t\t\t\t<\/div>\n\t\t<\/div>\n\t\t\t\t\t\t\t<\/div>\n\t\t<\/section>\n\t\t\t\t<section class=\"elementor-section elementor-top-section elementor-element elementor-element-5310b9f elementor-section-content-middle elementor-section-boxed elementor-section-height-default elementor-section-height-default\" data-id=\"5310b9f\" data-element_type=\"section\" data-settings=\"{&quot;background_background&quot;:&quot;classic&quot;}\">\n\t\t\t\t\t\t\t<div class=\"elementor-background-overlay\"><\/div>\n\t\t\t\t\t\t\t<div class=\"elementor-container elementor-column-gap-no\">\n\t\t\t\t\t<div class=\"aux-parallax-section elementor-column elementor-col-100 elementor-top-column elementor-element elementor-element-1646871\" data-id=\"1646871\" data-element_type=\"column\">\n\t\t\t<div class=\"elementor-widget-wrap elementor-element-populated\">\n\t\t\t\t\t\t\t\t<div class=\"elementor-element elementor-element-3d968d9 aux-appear-watch-animation aux-fade-in-up elementor-widget elementor-widget-testimonial\" data-id=\"3d968d9\" data-element_type=\"widget\" data-widget_type=\"testimonial.default\">\n\t\t\t\t<div class=\"elementor-widget-container\">\n\t\t\t\t\t<div class=\"elementor-testimonial-wrapper\">\n\t\t\t\t\t\t\t<div class=\"elementor-testimonial-content\"><span style=\"color: #00BFFF;\">,,<\/span>\n\n<\/div>\n\t\t\t\n\t\t\t\t\t\t<div class=\"elementor-testimonial-meta\">\n\t\t\t\t<div class=\"elementor-testimonial-meta-inner\">\n\t\t\t\t\t\n\t\t\t\t\t\t\t\t\t\t<div class=\"elementor-testimonial-details\">\n\t\t\t\t\t\t\t\t\t\t\t\t\t\t<div class=\"elementor-testimonial-name\">Asesor\u00eda de finanzas personales \/ Incluye una evaluaci\u00f3n de la situaci\u00f3n actual del cliente o de la pareja y un plan de acci\u00f3n. Duraci\u00f3n: 2 horas<\/div>\n\t\t\t\t\t\t\t\t\t\t\t\t\t\t\t\t\t\t\t<\/div>\n\t\t\t\t\t\t\t\t\t<\/div>\n\t\t\t<\/div>\n\t\t\t\t\t<\/div>\n\t\t\t\t<\/div>\n\t\t\t\t<\/div>\n\t\t\t\t<div class=\"aux-parallax-piece elementor-element elementor-element-e39fc39 elementor-widget__width-auto elementor-widget elementor-widget-aux_image\" data-parallax-origin=\"middle\" data-parallax-depth=\"0.1\" data-parallax-off=\"1024\" data-id=\"e39fc39\" data-element_type=\"widget\" data-widget_type=\"aux_image.default\">\n\t\t\t\t<div class=\"elementor-widget-container\">\n\t\t\t<section class=\"widget-container aux-widget-image aux-alignnone aux-parent-aua60fba5f\">\n    <div class=\"aux-media-hint-frame \">\n        <div class=\"aux-media-image \" >\n        \n            \n\n            \n            <img decoding=\"async\" loading=\"lazy\" width=\"768\" height=\"768\" src=\"https:\/\/financiocr.com\/wp-content\/uploads\/2019\/01\/Subtraction-1.png\" class=\"aux-attachment aux-featured-image aux-attachment-id-78\" alt=\"demo-attachment-561-Subtraction-1\" srcset=\"https:\/\/financiocr.com\/wp-content\/uploads\/2019\/01\/Subtraction-1-150x150.png 150w,https:\/\/financiocr.com\/wp-content\/uploads\/2019\/01\/Subtraction-1-300x300.png 300w,https:\/\/financiocr.com\/wp-content\/uploads\/2019\/01\/Subtraction-1-768x768.png 768w,https:\/\/financiocr.com\/wp-content\/uploads\/2019\/01\/Subtraction-1.png 768w\" data-ratio=\"1\" data-original-w=\"845\" sizes=\"(max-width:479px) 480px,(max-width:767px) 768px,(max-width:1023px) 1024px,768px\" \/>            \n                <\/div>\n    <\/div>\n\n<\/section><!-- widget-container -->\t\t<\/div>\n\t\t\t\t<\/div>\n\t\t\t\t<div class=\"aux-parallax-piece elementor-element elementor-element-5e23ddd elementor-widget__width-auto elementor-widget elementor-widget-aux_image\" data-parallax-origin=\"middle\" data-parallax-depth=\"0.15\" data-parallax-off=\"1024\" data-id=\"5e23ddd\" data-element_type=\"widget\" data-widget_type=\"aux_image.default\">\n\t\t\t\t<div class=\"elementor-widget-container\">\n\t\t\t<section class=\"widget-container aux-widget-image aux-alignnone aux-parent-auf840a6d2\">\n    <div class=\"aux-media-hint-frame \">\n        <div class=\"aux-media-image \" >\n        \n            \n\n            \n            <img decoding=\"async\" loading=\"lazy\" width=\"600\" height=\"600\" src=\"https:\/\/financiocr.com\/wp-content\/uploads\/2019\/01\/Subtraction-1.png\" class=\"aux-attachment aux-featured-image aux-attachment-id-78\" alt=\"demo-attachment-561-Subtraction-1\" srcset=\"https:\/\/financiocr.com\/wp-content\/uploads\/2019\/01\/Subtraction-1-150x150.png 150w,https:\/\/financiocr.com\/wp-content\/uploads\/2019\/01\/Subtraction-1-300x300.png 300w,https:\/\/financiocr.com\/wp-content\/uploads\/2019\/01\/Subtraction-1-768x768.png 768w,https:\/\/financiocr.com\/wp-content\/uploads\/2019\/01\/Subtraction-1.png 600w\" data-ratio=\"1\" data-original-w=\"845\" sizes=\"(max-width:479px) 480px,(max-width:767px) 768px,(max-width:1023px) 1024px,600px\" \/>            \n                <\/div>\n    <\/div>\n\n<\/section><!-- widget-container -->\t\t<\/div>\n\t\t\t\t<\/div>\n\t\t\t\t\t<\/div>\n\t\t<\/div>\n\t\t\t\t\t\t\t<\/div>\n\t\t<\/section>\n\t\t\t\t<section class=\"elementor-section elementor-top-section elementor-element elementor-element-72ae574 elementor-section-boxed elementor-section-height-default elementor-section-height-default\" data-id=\"72ae574\" data-element_type=\"section\">\n\t\t\t\t\t\t<div class=\"elementor-container elementor-column-gap-default\">\n\t\t\t\t\t<div class=\"aux-parallax-section elementor-column elementor-col-100 elementor-top-column elementor-element elementor-element-d508b5f\" data-id=\"d508b5f\" data-element_type=\"column\">\n\t\t\t<div class=\"elementor-widget-wrap elementor-element-populated\">\n\t\t\t\t\t\t\t\t<div class=\"elementor-element elementor-element-01c94f5 elementor-widget elementor-widget-heading\" data-id=\"01c94f5\" data-element_type=\"widget\" data-widget_type=\"heading.default\">\n\t\t\t\t<div class=\"elementor-widget-container\">\n\t\t\t<h2 class=\"elementor-heading-title elementor-size-default\">Programa de Salud financiera e Inversiones de 6 meses<\/h2>\t\t<\/div>\n\t\t\t\t<\/div>\n\t\t\t\t<div class=\"elementor-element elementor-element-bc026a4 elementor-widget elementor-widget-heading\" data-id=\"bc026a4\" data-element_type=\"widget\" data-widget_type=\"heading.default\">\n\t\t\t\t<div class=\"elementor-widget-container\">\n\t\t\t<h2 class=\"elementor-heading-title elementor-size-default\">Temas a tocar\n<\/h2>\t\t<\/div>\n\t\t\t\t<\/div>\n\t\t\t\t\t<\/div>\n\t\t<\/div>\n\t\t\t\t\t\t\t<\/div>\n\t\t<\/section>\n\t\t\t\t<section class=\"elementor-section elementor-top-section elementor-element elementor-element-70c186a elementor-section-boxed elementor-section-height-default elementor-section-height-default\" data-id=\"70c186a\" data-element_type=\"section\">\n\t\t\t\t\t\t<div class=\"elementor-container elementor-column-gap-default\">\n\t\t\t\t\t<div class=\"aux-parallax-section elementor-column elementor-col-33 elementor-top-column elementor-element elementor-element-9c900aa\" data-id=\"9c900aa\" data-element_type=\"column\">\n\t\t\t<div class=\"elementor-widget-wrap elementor-element-populated\">\n\t\t\t\t\t\t\t\t<div class=\"elementor-element elementor-element-1b3f60d elementor-widget elementor-widget-image\" data-id=\"1b3f60d\" data-element_type=\"widget\" data-widget_type=\"image.default\">\n\t\t\t\t<div class=\"elementor-widget-container\">\n\t\t\t\t\t\t\t\t\t\t\t\t\t\t\t<img decoding=\"async\" loading=\"lazy\" width=\"100\" height=\"100\" src=\"https:\/\/financiocr.com\/wp-content\/uploads\/2023\/08\/iconos_Mesa-de-trabajo-1-copia-9-100x100.png\" class=\"attachment-woocommerce_gallery_thumbnail size-woocommerce_gallery_thumbnail wp-image-346\" alt=\"\" srcset=\"https:\/\/financiocr.com\/wp-content\/uploads\/2023\/08\/iconos_Mesa-de-trabajo-1-copia-9-100x100.png 100w, https:\/\/financiocr.com\/wp-content\/uploads\/2023\/08\/iconos_Mesa-de-trabajo-1-copia-9-150x150.png 150w, https:\/\/financiocr.com\/wp-content\/uploads\/2023\/08\/iconos_Mesa-de-trabajo-1-copia-9-200x200.png 200w, https:\/\/financiocr.com\/wp-content\/uploads\/2023\/08\/iconos_Mesa-de-trabajo-1-copia-9.png 209w\" sizes=\"(max-width: 100px) 100vw, 100px\" \/>\t\t\t\t\t\t\t\t\t\t\t\t\t\t\t<\/div>\n\t\t\t\t<\/div>\n\t\t\t\t<div class=\"elementor-element elementor-element-fc99781 elementor-widget elementor-widget-text-editor\" data-id=\"fc99781\" data-element_type=\"widget\" data-widget_type=\"text-editor.default\">\n\t\t\t\t<div class=\"elementor-widget-container\">\n\t\t\t\t\t\t\t<p>Descubrimiento del prop\u00f3sito y creaci\u00f3n de los objetivos financieros<\/p>\t\t\t\t\t\t<\/div>\n\t\t\t\t<\/div>\n\t\t\t\t\t<\/div>\n\t\t<\/div>\n\t\t\t\t<div class=\"aux-parallax-section elementor-column elementor-col-33 elementor-top-column elementor-element elementor-element-0f530f1\" data-id=\"0f530f1\" data-element_type=\"column\">\n\t\t\t<div class=\"elementor-widget-wrap elementor-element-populated\">\n\t\t\t\t\t\t\t\t<div class=\"elementor-element elementor-element-2fb0ae7 elementor-widget elementor-widget-image\" data-id=\"2fb0ae7\" data-element_type=\"widget\" data-widget_type=\"image.default\">\n\t\t\t\t<div class=\"elementor-widget-container\">\n\t\t\t\t\t\t\t\t\t\t\t\t\t\t\t<img decoding=\"async\" loading=\"lazy\" width=\"100\" height=\"100\" src=\"https:\/\/financiocr.com\/wp-content\/uploads\/2023\/08\/iconos_Mesa-de-trabajo-1-copia-9-100x100.png\" class=\"attachment-woocommerce_gallery_thumbnail size-woocommerce_gallery_thumbnail wp-image-346\" alt=\"\" srcset=\"https:\/\/financiocr.com\/wp-content\/uploads\/2023\/08\/iconos_Mesa-de-trabajo-1-copia-9-100x100.png 100w, https:\/\/financiocr.com\/wp-content\/uploads\/2023\/08\/iconos_Mesa-de-trabajo-1-copia-9-150x150.png 150w, https:\/\/financiocr.com\/wp-content\/uploads\/2023\/08\/iconos_Mesa-de-trabajo-1-copia-9-200x200.png 200w, https:\/\/financiocr.com\/wp-content\/uploads\/2023\/08\/iconos_Mesa-de-trabajo-1-copia-9.png 209w\" sizes=\"(max-width: 100px) 100vw, 100px\" \/>\t\t\t\t\t\t\t\t\t\t\t\t\t\t\t<\/div>\n\t\t\t\t<\/div>\n\t\t\t\t<div class=\"elementor-element elementor-element-b69eec8 elementor-widget elementor-widget-text-editor\" data-id=\"b69eec8\" data-element_type=\"widget\" data-widget_type=\"text-editor.default\">\n\t\t\t\t<div class=\"elementor-widget-container\">\n\t\t\t\t\t\t\t<p>Medici\u00f3n de la situaci\u00f3n actual<\/p>\t\t\t\t\t\t<\/div>\n\t\t\t\t<\/div>\n\t\t\t\t\t<\/div>\n\t\t<\/div>\n\t\t\t\t<div class=\"aux-parallax-section elementor-column elementor-col-33 elementor-top-column elementor-element elementor-element-353321f\" data-id=\"353321f\" data-element_type=\"column\">\n\t\t\t<div class=\"elementor-widget-wrap elementor-element-populated\">\n\t\t\t\t\t\t\t\t<div class=\"elementor-element elementor-element-ab3c7d0 elementor-widget elementor-widget-image\" data-id=\"ab3c7d0\" data-element_type=\"widget\" data-widget_type=\"image.default\">\n\t\t\t\t<div class=\"elementor-widget-container\">\n\t\t\t\t\t\t\t\t\t\t\t\t\t\t\t<img decoding=\"async\" loading=\"lazy\" width=\"100\" height=\"100\" src=\"https:\/\/financiocr.com\/wp-content\/uploads\/2023\/08\/iconos_Mesa-de-trabajo-1-copia-9-100x100.png\" class=\"attachment-woocommerce_gallery_thumbnail size-woocommerce_gallery_thumbnail wp-image-346\" alt=\"\" srcset=\"https:\/\/financiocr.com\/wp-content\/uploads\/2023\/08\/iconos_Mesa-de-trabajo-1-copia-9-100x100.png 100w, https:\/\/financiocr.com\/wp-content\/uploads\/2023\/08\/iconos_Mesa-de-trabajo-1-copia-9-150x150.png 150w, https:\/\/financiocr.com\/wp-content\/uploads\/2023\/08\/iconos_Mesa-de-trabajo-1-copia-9-200x200.png 200w, https:\/\/financiocr.com\/wp-content\/uploads\/2023\/08\/iconos_Mesa-de-trabajo-1-copia-9.png 209w\" sizes=\"(max-width: 100px) 100vw, 100px\" \/>\t\t\t\t\t\t\t\t\t\t\t\t\t\t\t<\/div>\n\t\t\t\t<\/div>\n\t\t\t\t<div class=\"elementor-element elementor-element-2d2e067 elementor-widget elementor-widget-text-editor\" data-id=\"2d2e067\" data-element_type=\"widget\" data-widget_type=\"text-editor.default\">\n\t\t\t\t<div class=\"elementor-widget-container\">\n\t\t\t\t\t\t\t<p>Plan de pago anticipado de deudas<\/p>\t\t\t\t\t\t<\/div>\n\t\t\t\t<\/div>\n\t\t\t\t\t<\/div>\n\t\t<\/div>\n\t\t\t\t\t\t\t<\/div>\n\t\t<\/section>\n\t\t\t\t<section class=\"elementor-section elementor-top-section elementor-element elementor-element-587ff7c elementor-section-boxed elementor-section-height-default elementor-section-height-default\" data-id=\"587ff7c\" data-element_type=\"section\">\n\t\t\t\t\t\t<div class=\"elementor-container elementor-column-gap-default\">\n\t\t\t\t\t<div class=\"aux-parallax-section elementor-column elementor-col-50 elementor-top-column elementor-element elementor-element-cd67980\" data-id=\"cd67980\" data-element_type=\"column\">\n\t\t\t<div class=\"elementor-widget-wrap elementor-element-populated\">\n\t\t\t\t\t\t\t\t<div class=\"elementor-element elementor-element-dc22671 elementor-widget elementor-widget-image\" data-id=\"dc22671\" data-element_type=\"widget\" data-widget_type=\"image.default\">\n\t\t\t\t<div class=\"elementor-widget-container\">\n\t\t\t\t\t\t\t\t\t\t\t\t\t\t\t<img decoding=\"async\" loading=\"lazy\" width=\"100\" height=\"100\" src=\"https:\/\/financiocr.com\/wp-content\/uploads\/2023\/08\/iconos_Mesa-de-trabajo-1-copia-9-100x100.png\" class=\"attachment-woocommerce_gallery_thumbnail size-woocommerce_gallery_thumbnail wp-image-346\" alt=\"\" srcset=\"https:\/\/financiocr.com\/wp-content\/uploads\/2023\/08\/iconos_Mesa-de-trabajo-1-copia-9-100x100.png 100w, https:\/\/financiocr.com\/wp-content\/uploads\/2023\/08\/iconos_Mesa-de-trabajo-1-copia-9-150x150.png 150w, https:\/\/financiocr.com\/wp-content\/uploads\/2023\/08\/iconos_Mesa-de-trabajo-1-copia-9-200x200.png 200w, https:\/\/financiocr.com\/wp-content\/uploads\/2023\/08\/iconos_Mesa-de-trabajo-1-copia-9.png 209w\" sizes=\"(max-width: 100px) 100vw, 100px\" \/>\t\t\t\t\t\t\t\t\t\t\t\t\t\t\t<\/div>\n\t\t\t\t<\/div>\n\t\t\t\t\t<\/div>\n\t\t<\/div>\n\t\t\t\t<div class=\"aux-parallax-section elementor-column elementor-col-50 elementor-top-column elementor-element elementor-element-854af0d\" data-id=\"854af0d\" data-element_type=\"column\">\n\t\t\t<div class=\"elementor-widget-wrap elementor-element-populated\">\n\t\t\t\t\t\t\t\t<div class=\"elementor-element elementor-element-43e97a6 elementor-widget elementor-widget-image\" data-id=\"43e97a6\" data-element_type=\"widget\" data-widget_type=\"image.default\">\n\t\t\t\t<div class=\"elementor-widget-container\">\n\t\t\t\t\t\t\t\t\t\t\t\t\t\t\t<img decoding=\"async\" loading=\"lazy\" width=\"100\" height=\"100\" src=\"https:\/\/financiocr.com\/wp-content\/uploads\/2023\/08\/iconos_Mesa-de-trabajo-1-copia-9-100x100.png\" class=\"attachment-woocommerce_gallery_thumbnail size-woocommerce_gallery_thumbnail wp-image-346\" alt=\"\" srcset=\"https:\/\/financiocr.com\/wp-content\/uploads\/2023\/08\/iconos_Mesa-de-trabajo-1-copia-9-100x100.png 100w, https:\/\/financiocr.com\/wp-content\/uploads\/2023\/08\/iconos_Mesa-de-trabajo-1-copia-9-150x150.png 150w, https:\/\/financiocr.com\/wp-content\/uploads\/2023\/08\/iconos_Mesa-de-trabajo-1-copia-9-200x200.png 200w, https:\/\/financiocr.com\/wp-content\/uploads\/2023\/08\/iconos_Mesa-de-trabajo-1-copia-9.png 209w\" sizes=\"(max-width: 100px) 100vw, 100px\" \/>\t\t\t\t\t\t\t\t\t\t\t\t\t\t\t<\/div>\n\t\t\t\t<\/div>\n\t\t\t\t\t<\/div>\n\t\t<\/div>\n\t\t\t\t\t\t\t<\/div>\n\t\t<\/section>\n\t\t\t\t<section class=\"elementor-section elementor-top-section elementor-element elementor-element-ffc75ef elementor-section-boxed elementor-section-height-default elementor-section-height-default\" data-id=\"ffc75ef\" data-element_type=\"section\">\n\t\t\t\t\t\t<div class=\"elementor-container elementor-column-gap-default\">\n\t\t\t\t\t<div class=\"aux-parallax-section elementor-column elementor-col-50 elementor-top-column elementor-element elementor-element-789b995\" data-id=\"789b995\" data-element_type=\"column\">\n\t\t\t<div class=\"elementor-widget-wrap elementor-element-populated\">\n\t\t\t\t\t\t\t\t<div class=\"elementor-element elementor-element-f0d676c elementor-widget elementor-widget-text-editor\" data-id=\"f0d676c\" data-element_type=\"widget\" data-widget_type=\"text-editor.default\">\n\t\t\t\t<div class=\"elementor-widget-container\">\n\t\t\t\t\t\t\t<p>Reto de aumento de Ingresos<\/p>\t\t\t\t\t\t<\/div>\n\t\t\t\t<\/div>\n\t\t\t\t\t<\/div>\n\t\t<\/div>\n\t\t\t\t<div class=\"aux-parallax-section elementor-column elementor-col-50 elementor-top-column elementor-element elementor-element-211d8d7\" data-id=\"211d8d7\" data-element_type=\"column\">\n\t\t\t<div class=\"elementor-widget-wrap elementor-element-populated\">\n\t\t\t\t\t\t\t\t<div class=\"elementor-element elementor-element-2e1f7d2 elementor-widget elementor-widget-text-editor\" data-id=\"2e1f7d2\" data-element_type=\"widget\" data-widget_type=\"text-editor.default\">\n\t\t\t\t<div class=\"elementor-widget-container\">\n\t\t\t\t\t\t\t<p>Inversiones reguladas nacionales y USA (incluye como invertir en S&amp;P 500)<\/p>\t\t\t\t\t\t<\/div>\n\t\t\t\t<\/div>\n\t\t\t\t\t<\/div>\n\t\t<\/div>\n\t\t\t\t\t\t\t<\/div>\n\t\t<\/section>\n\t\t\t\t<section class=\"elementor-section elementor-top-section elementor-element elementor-element-e24f358 elementor-section-boxed elementor-section-height-default elementor-section-height-default\" data-id=\"e24f358\" data-element_type=\"section\">\n\t\t\t\t\t\t<div class=\"elementor-container elementor-column-gap-default\">\n\t\t\t\t\t<div class=\"aux-parallax-section elementor-column elementor-col-100 elementor-top-column elementor-element elementor-element-af2afe0\" data-id=\"af2afe0\" data-element_type=\"column\">\n\t\t\t<div class=\"elementor-widget-wrap elementor-element-populated\">\n\t\t\t\t\t\t\t\t<div class=\"elementor-element elementor-element-fdbee55 elementor-widget elementor-widget-spacer\" data-id=\"fdbee55\" data-element_type=\"widget\" data-widget_type=\"spacer.default\">\n\t\t\t\t<div class=\"elementor-widget-container\">\n\t\t\t\t\t<div class=\"elementor-spacer\">\n\t\t\t<div class=\"elementor-spacer-inner\"><\/div>\n\t\t<\/div>\n\t\t\t\t<\/div>\n\t\t\t\t<\/div>\n\t\t\t\t\t<\/div>\n\t\t<\/div>\n\t\t\t\t\t\t\t<\/div>\n\t\t<\/section>\n\t\t\t\t\t\t\t<\/div>\n\t\t","protected":false},"excerpt":{"rendered":"<p>Educaci\u00f3n financiera Contamos con una programa de educaci\u00f3n financiera, donde le ayudamos con una asesor\u00eda, para ense\u00f1arle como salir de deudas de manera anticipada, generar ingresos con inversiones de manera controlada. ,, Asesor\u00eda de finanzas personales \/ Incluye una evaluaci\u00f3n de la situaci\u00f3n actual del cliente o de la pareja y un plan de acci\u00f3n. [&hellip;]<\/p>\n","protected":false},"author":1,"featured_media":0,"parent":0,"menu_order":0,"comment_status":"closed","ping_status":"closed","template":"","meta":{"footnotes":""},"_links":{"self":[{"href":"https:\/\/financiocr.com\/index.php\/wp-json\/wp\/v2\/pages\/351"}],"collection":[{"href":"https:\/\/financiocr.com\/index.php\/wp-json\/wp\/v2\/pages"}],"about":[{"href":"https:\/\/financiocr.com\/index.php\/wp-json\/wp\/v2\/types\/page"}],"author":[{"embeddable":true,"href":"https:\/\/financiocr.com\/index.php\/wp-json\/wp\/v2\/users\/1"}],"replies":[{"embeddable":true,"href":"https:\/\/financiocr.com\/index.php\/wp-json\/wp\/v2\/comments?post=351"}],"version-history":[{"count":10,"href":"https:\/\/financiocr.com\/index.php\/wp-json\/wp\/v2\/pages\/351\/revisions"}],"predecessor-version":[{"id":485,"href":"https:\/\/financiocr.com\/index.php\/wp-json\/wp\/v2\/pages\/351\/revisions\/485"}],"wp:attachment":[{"href":"https:\/\/financiocr.com\/index.php\/wp-json\/wp\/v2\/media?parent=351"}],"curies":[{"name":"wp","href":"https:\/\/api.w.org\/{rel}","templated":true}]}}