{"id":168,"date":"2019-01-09T07:57:55","date_gmt":"2019-01-09T06:57:55","guid":{"rendered":"https:\/\/financiocr.com\/index.php\/projects\/"},"modified":"2023-09-08T20:05:58","modified_gmt":"2023-09-08T18:05:58","slug":"projects","status":"publish","type":"page","link":"https:\/\/financiocr.com\/index.php\/projects\/","title":{"rendered":"Educaci\u00f3n Financiera"},"content":{"rendered":"\t\t<div data-elementor-type=\"wp-post\" data-elementor-id=\"168\" class=\"elementor elementor-168\">\n\t\t\t\t\t\t\t\t\t<section class=\"elementor-section elementor-top-section elementor-element elementor-element-20d8f85 elementor-section-boxed elementor-section-height-default elementor-section-height-default\" data-id=\"20d8f85\" data-element_type=\"section\">\n\t\t\t\t\t\t<div class=\"elementor-container elementor-column-gap-default\">\n\t\t\t\t\t<div class=\"aux-parallax-section elementor-column elementor-col-50 elementor-top-column elementor-element elementor-element-17892ee\" data-id=\"17892ee\" data-element_type=\"column\">\n\t\t\t<div class=\"elementor-widget-wrap elementor-element-populated\">\n\t\t\t\t\t\t\t\t<div class=\"elementor-element elementor-element-02cc247 aux-appear-watch-animation aux-fade-in-right elementor-widget elementor-widget-aux_modern_heading\" data-id=\"02cc247\" data-element_type=\"widget\" data-widget_type=\"aux_modern_heading.default\">\n\t\t\t\t<div class=\"elementor-widget-container\">\n\t\t\t<section class=\"aux-widget-modern-heading\">\n            <div class=\"aux-widget-inner\"><h2 class=\"aux-modern-heading-primary\"><\/h2><h3 class=\"aux-modern-heading-secondary\"><span class=\"aux-head-before\">Conozca<\/span><\/h3><div class=\"aux-modern-heading-divider\"><\/div><div class=\"aux-modern-heading-description\"><p>NUESTRO PROCESO<\/p><\/div><\/div>\n        <\/section>\t\t<\/div>\n\t\t\t\t<\/div>\n\t\t\t\t<div class=\"elementor-element elementor-element-17cdd09 elementor-widget elementor-widget-text-editor\" data-id=\"17cdd09\" data-element_type=\"widget\" data-widget_type=\"text-editor.default\">\n\t\t\t\t<div class=\"elementor-widget-container\">\n\t\t\t\t\t\t\t<p>En <b>Financio<\/b><b> CR<\/b>, contamos con un sistema que nos ayuda a ofrecerle los mejores servicios de gesti\u00f3n financiera, contamos con servicio personalizado para brindarle a cada uno de nuestros clientes la mejor experiencia en su gesti\u00f3n crediticia.<\/p>\t\t\t\t\t\t<\/div>\n\t\t\t\t<\/div>\n\t\t\t\t<div class=\"elementor-element elementor-element-1adf102 elementor-widget elementor-widget-button\" data-id=\"1adf102\" data-element_type=\"widget\" data-widget_type=\"button.default\">\n\t\t\t\t<div class=\"elementor-widget-container\">\n\t\t\t\t\t<div class=\"elementor-button-wrapper\">\n\t\t\t<a class=\"elementor-button elementor-button-link elementor-size-sm\" href=\"https:\/\/financiocr.com\/index.php\/pre-solicitud-de-credito\/\">\n\t\t\t\t\t\t<span class=\"elementor-button-content-wrapper\">\n\t\t\t\t\t\t<span class=\"elementor-button-text\">Solicite su cr\u00e9dito personal ac\u00e1<\/span>\n\t\t<\/span>\n\t\t\t\t\t<\/a>\n\t\t<\/div>\n\t\t\t\t<\/div>\n\t\t\t\t<\/div>\n\t\t\t\t\t<\/div>\n\t\t<\/div>\n\t\t\t\t<div class=\"aux-parallax-section elementor-column elementor-col-50 elementor-top-column elementor-element elementor-element-01fa3bb\" data-id=\"01fa3bb\" data-element_type=\"column\">\n\t\t\t<div class=\"elementor-widget-wrap elementor-element-populated\">\n\t\t\t\t\t\t\t\t<div class=\"elementor-element elementor-element-29c234e elementor-widget elementor-widget-image\" data-id=\"29c234e\" data-element_type=\"widget\" data-widget_type=\"image.default\">\n\t\t\t\t<div class=\"elementor-widget-container\">\n\t\t\t\t\t\t\t\t\t\t\t\t\t\t\t<img decoding=\"async\" loading=\"lazy\" width=\"800\" height=\"532\" src=\"https:\/\/financiocr.com\/wp-content\/uploads\/2023\/08\/4.jpg\" class=\"attachment-large size-large wp-image-320\" alt=\"\" srcset=\"https:\/\/financiocr.com\/wp-content\/uploads\/2023\/08\/4.jpg 800w, https:\/\/financiocr.com\/wp-content\/uploads\/2023\/08\/4-200x133.jpg 200w, https:\/\/financiocr.com\/wp-content\/uploads\/2023\/08\/4-600x399.jpg 600w\" sizes=\"(max-width: 800px) 100vw, 800px\" \/>\t\t\t\t\t\t\t\t\t\t\t\t\t\t\t<\/div>\n\t\t\t\t<\/div>\n\t\t\t\t\t<\/div>\n\t\t<\/div>\n\t\t\t\t\t\t\t<\/div>\n\t\t<\/section>\n\t\t\t\t<section class=\"elementor-section elementor-top-section elementor-element elementor-element-8ebd353 elementor-section-boxed elementor-section-height-default elementor-section-height-default\" data-id=\"8ebd353\" data-element_type=\"section\">\n\t\t\t\t\t\t<div class=\"elementor-container elementor-column-gap-default\">\n\t\t\t\t\t<div class=\"aux-parallax-section elementor-column elementor-col-100 elementor-top-column elementor-element elementor-element-506ba41\" data-id=\"506ba41\" data-element_type=\"column\">\n\t\t\t<div class=\"elementor-widget-wrap elementor-element-populated\">\n\t\t\t\t\t\t\t\t<div class=\"elementor-element elementor-element-9131f79 elementor-widget elementor-widget-spacer\" data-id=\"9131f79\" data-element_type=\"widget\" data-widget_type=\"spacer.default\">\n\t\t\t\t<div class=\"elementor-widget-container\">\n\t\t\t\t\t<div class=\"elementor-spacer\">\n\t\t\t<div class=\"elementor-spacer-inner\"><\/div>\n\t\t<\/div>\n\t\t\t\t<\/div>\n\t\t\t\t<\/div>\n\t\t\t\t\t<\/div>\n\t\t<\/div>\n\t\t\t\t\t\t\t<\/div>\n\t\t<\/section>\n\t\t\t\t<section class=\"elementor-section elementor-top-section elementor-element elementor-element-83a1de5 elementor-section-boxed elementor-section-height-default elementor-section-height-default\" data-id=\"83a1de5\" data-element_type=\"section\">\n\t\t\t\t\t\t<div class=\"elementor-container elementor-column-gap-default\">\n\t\t\t\t\t<div class=\"aux-parallax-section elementor-column elementor-col-100 elementor-top-column elementor-element elementor-element-287de07\" data-id=\"287de07\" data-element_type=\"column\">\n\t\t\t<div class=\"elementor-widget-wrap elementor-element-populated\">\n\t\t\t\t\t\t\t\t<div class=\"elementor-element elementor-element-d115eac elementor-widget elementor-widget-heading\" data-id=\"d115eac\" data-element_type=\"widget\" data-widget_type=\"heading.default\">\n\t\t\t\t<div class=\"elementor-widget-container\">\n\t\t\t<h2 class=\"elementor-heading-title elementor-size-default\">\u00bfC\u00d3MO FUNCIONA EL TR\u00c1MITE?\n\n\n<\/h2>\t\t<\/div>\n\t\t\t\t<\/div>\n\t\t\t\t\t<\/div>\n\t\t<\/div>\n\t\t\t\t\t\t\t<\/div>\n\t\t<\/section>\n\t\t\t\t<section class=\"elementor-section elementor-top-section elementor-element elementor-element-559afb2 elementor-section-boxed elementor-section-height-default elementor-section-height-default\" data-id=\"559afb2\" data-element_type=\"section\">\n\t\t\t\t\t\t<div class=\"elementor-container elementor-column-gap-default\">\n\t\t\t\t\t<div class=\"aux-parallax-section elementor-column elementor-col-100 elementor-top-column elementor-element elementor-element-05973fc\" data-id=\"05973fc\" data-element_type=\"column\">\n\t\t\t<div class=\"elementor-widget-wrap elementor-element-populated\">\n\t\t\t\t\t\t\t\t<div class=\"elementor-element elementor-element-c7510b6 elementor-widget elementor-widget-spacer\" data-id=\"c7510b6\" data-element_type=\"widget\" data-widget_type=\"spacer.default\">\n\t\t\t\t<div class=\"elementor-widget-container\">\n\t\t\t\t\t<div class=\"elementor-spacer\">\n\t\t\t<div class=\"elementor-spacer-inner\"><\/div>\n\t\t<\/div>\n\t\t\t\t<\/div>\n\t\t\t\t<\/div>\n\t\t\t\t\t<\/div>\n\t\t<\/div>\n\t\t\t\t\t\t\t<\/div>\n\t\t<\/section>\n\t\t\t\t<section class=\"elementor-section elementor-top-section elementor-element elementor-element-7ccce07 elementor-section-boxed elementor-section-height-default elementor-section-height-default\" data-id=\"7ccce07\" data-element_type=\"section\">\n\t\t\t\t\t\t<div class=\"elementor-container elementor-column-gap-default\">\n\t\t\t\t\t<div class=\"aux-parallax-section elementor-column elementor-col-33 elementor-top-column elementor-element elementor-element-63dba7d\" data-id=\"63dba7d\" data-element_type=\"column\">\n\t\t\t<div class=\"elementor-widget-wrap elementor-element-populated\">\n\t\t\t\t\t\t\t\t<div class=\"elementor-element elementor-element-a1cc58e elementor-widget elementor-widget-image\" data-id=\"a1cc58e\" data-element_type=\"widget\" data-widget_type=\"image.default\">\n\t\t\t\t<div class=\"elementor-widget-container\">\n\t\t\t\t\t\t\t\t\t\t\t\t\t\t\t<img decoding=\"async\" loading=\"lazy\" width=\"100\" height=\"100\" src=\"https:\/\/financiocr.com\/wp-content\/uploads\/2023\/08\/iconos_Mesa-de-trabajo-1-copia-4-100x100.png\" class=\"attachment-woocommerce_gallery_thumbnail size-woocommerce_gallery_thumbnail wp-image-325\" alt=\"\" srcset=\"https:\/\/financiocr.com\/wp-content\/uploads\/2023\/08\/iconos_Mesa-de-trabajo-1-copia-4-100x100.png 100w, https:\/\/financiocr.com\/wp-content\/uploads\/2023\/08\/iconos_Mesa-de-trabajo-1-copia-4-150x150.png 150w, https:\/\/financiocr.com\/wp-content\/uploads\/2023\/08\/iconos_Mesa-de-trabajo-1-copia-4-200x200.png 200w, https:\/\/financiocr.com\/wp-content\/uploads\/2023\/08\/iconos_Mesa-de-trabajo-1-copia-4.png 209w\" sizes=\"(max-width: 100px) 100vw, 100px\" \/>\t\t\t\t\t\t\t\t\t\t\t\t\t\t\t<\/div>\n\t\t\t\t<\/div>\n\t\t\t\t<div class=\"elementor-element elementor-element-897e5f2 elementor-widget elementor-widget-heading\" data-id=\"897e5f2\" data-element_type=\"widget\" data-widget_type=\"heading.default\">\n\t\t\t\t<div class=\"elementor-widget-container\">\n\t\t\t<h2 class=\"elementor-heading-title elementor-size-default\">01. Filtro inicial \n<\/h2>\t\t<\/div>\n\t\t\t\t<\/div>\n\t\t\t\t<div class=\"elementor-element elementor-element-d3763c5 elementor-widget elementor-widget-text-editor\" data-id=\"d3763c5\" data-element_type=\"widget\" data-widget_type=\"text-editor.default\">\n\t\t\t\t<div class=\"elementor-widget-container\">\n\t\t\t\t\t\t\t<p>Se realiza una revisi\u00f3n inicial del perfil del cliente y su solicitud.<\/p>\t\t\t\t\t\t<\/div>\n\t\t\t\t<\/div>\n\t\t\t\t\t<\/div>\n\t\t<\/div>\n\t\t\t\t<div class=\"aux-parallax-section elementor-column elementor-col-33 elementor-top-column elementor-element elementor-element-6bea923\" data-id=\"6bea923\" data-element_type=\"column\">\n\t\t\t<div class=\"elementor-widget-wrap elementor-element-populated\">\n\t\t\t\t\t\t\t\t<div class=\"elementor-element elementor-element-56c0e90 elementor-widget elementor-widget-image\" data-id=\"56c0e90\" data-element_type=\"widget\" data-widget_type=\"image.default\">\n\t\t\t\t<div class=\"elementor-widget-container\">\n\t\t\t\t\t\t\t\t\t\t\t\t\t\t\t<img decoding=\"async\" loading=\"lazy\" width=\"100\" height=\"100\" src=\"https:\/\/financiocr.com\/wp-content\/uploads\/2023\/08\/iconos_Mesa-de-trabajo-1-copia-5-100x100.png\" class=\"attachment-woocommerce_gallery_thumbnail size-woocommerce_gallery_thumbnail wp-image-326\" alt=\"\" srcset=\"https:\/\/financiocr.com\/wp-content\/uploads\/2023\/08\/iconos_Mesa-de-trabajo-1-copia-5-100x100.png 100w, https:\/\/financiocr.com\/wp-content\/uploads\/2023\/08\/iconos_Mesa-de-trabajo-1-copia-5-150x150.png 150w, https:\/\/financiocr.com\/wp-content\/uploads\/2023\/08\/iconos_Mesa-de-trabajo-1-copia-5-200x200.png 200w, https:\/\/financiocr.com\/wp-content\/uploads\/2023\/08\/iconos_Mesa-de-trabajo-1-copia-5.png 209w\" sizes=\"(max-width: 100px) 100vw, 100px\" \/>\t\t\t\t\t\t\t\t\t\t\t\t\t\t\t<\/div>\n\t\t\t\t<\/div>\n\t\t\t\t<div class=\"elementor-element elementor-element-b3031ce elementor-widget elementor-widget-heading\" data-id=\"b3031ce\" data-element_type=\"widget\" data-widget_type=\"heading.default\">\n\t\t\t\t<div class=\"elementor-widget-container\">\n\t\t\t<h2 class=\"elementor-heading-title elementor-size-default\">02. Gesti\u00f3n bancaria \n\n<\/h2>\t\t<\/div>\n\t\t\t\t<\/div>\n\t\t\t\t<div class=\"elementor-element elementor-element-915a4dd elementor-widget elementor-widget-text-editor\" data-id=\"915a4dd\" data-element_type=\"widget\" data-widget_type=\"text-editor.default\">\n\t\t\t\t<div class=\"elementor-widget-container\">\n\t\t\t\t\t\t\t<p>Se env\u00eda la informaci\u00f3n a los bancos para obtener posibles ofertas<\/p>\t\t\t\t\t\t<\/div>\n\t\t\t\t<\/div>\n\t\t\t\t\t<\/div>\n\t\t<\/div>\n\t\t\t\t<div class=\"aux-parallax-section elementor-column elementor-col-33 elementor-top-column elementor-element elementor-element-6fb1f23\" data-id=\"6fb1f23\" data-element_type=\"column\">\n\t\t\t<div class=\"elementor-widget-wrap elementor-element-populated\">\n\t\t\t\t\t\t\t\t<div class=\"elementor-element elementor-element-ada1301 elementor-widget elementor-widget-image\" data-id=\"ada1301\" data-element_type=\"widget\" data-widget_type=\"image.default\">\n\t\t\t\t<div class=\"elementor-widget-container\">\n\t\t\t\t\t\t\t\t\t\t\t\t\t\t\t<img decoding=\"async\" loading=\"lazy\" width=\"100\" height=\"100\" src=\"https:\/\/financiocr.com\/wp-content\/uploads\/2023\/08\/iconos_Mesa-de-trabajo-1-copia-6-100x100.png\" class=\"attachment-woocommerce_gallery_thumbnail size-woocommerce_gallery_thumbnail wp-image-327\" alt=\"\" srcset=\"https:\/\/financiocr.com\/wp-content\/uploads\/2023\/08\/iconos_Mesa-de-trabajo-1-copia-6-100x100.png 100w, https:\/\/financiocr.com\/wp-content\/uploads\/2023\/08\/iconos_Mesa-de-trabajo-1-copia-6-150x150.png 150w, https:\/\/financiocr.com\/wp-content\/uploads\/2023\/08\/iconos_Mesa-de-trabajo-1-copia-6-200x200.png 200w, https:\/\/financiocr.com\/wp-content\/uploads\/2023\/08\/iconos_Mesa-de-trabajo-1-copia-6.png 209w\" sizes=\"(max-width: 100px) 100vw, 100px\" \/>\t\t\t\t\t\t\t\t\t\t\t\t\t\t\t<\/div>\n\t\t\t\t<\/div>\n\t\t\t\t<div class=\"elementor-element elementor-element-87cd690 elementor-widget elementor-widget-heading\" data-id=\"87cd690\" data-element_type=\"widget\" data-widget_type=\"heading.default\">\n\t\t\t\t<div class=\"elementor-widget-container\">\n\t\t\t<h2 class=\"elementor-heading-title elementor-size-default\">03. Presentaci\u00f3n de ofertas \n\n<\/h2>\t\t<\/div>\n\t\t\t\t<\/div>\n\t\t\t\t<div class=\"elementor-element elementor-element-906557c elementor-widget elementor-widget-text-editor\" data-id=\"906557c\" data-element_type=\"widget\" data-widget_type=\"text-editor.default\">\n\t\t\t\t<div class=\"elementor-widget-container\">\n\t\t\t\t\t\t\t<p>Se presentan y asesora al cliente sobre las cotizaciones<\/p>\t\t\t\t\t\t<\/div>\n\t\t\t\t<\/div>\n\t\t\t\t\t<\/div>\n\t\t<\/div>\n\t\t\t\t\t\t\t<\/div>\n\t\t<\/section>\n\t\t\t\t<section class=\"elementor-section elementor-top-section elementor-element elementor-element-beb20e0 elementor-section-boxed elementor-section-height-default elementor-section-height-default\" data-id=\"beb20e0\" data-element_type=\"section\">\n\t\t\t\t\t\t<div class=\"elementor-container elementor-column-gap-default\">\n\t\t\t\t\t<div class=\"aux-parallax-section elementor-column elementor-col-50 elementor-top-column elementor-element elementor-element-4c370e0\" data-id=\"4c370e0\" data-element_type=\"column\">\n\t\t\t<div class=\"elementor-widget-wrap elementor-element-populated\">\n\t\t\t\t\t\t\t\t<div class=\"elementor-element elementor-element-27c799e elementor-widget elementor-widget-image\" data-id=\"27c799e\" data-element_type=\"widget\" data-widget_type=\"image.default\">\n\t\t\t\t<div class=\"elementor-widget-container\">\n\t\t\t\t\t\t\t\t\t\t\t\t\t\t\t<img decoding=\"async\" loading=\"lazy\" width=\"100\" height=\"100\" src=\"https:\/\/financiocr.com\/wp-content\/uploads\/2023\/08\/iconos_Mesa-de-trabajo-1-copia-7-100x100.png\" class=\"attachment-woocommerce_gallery_thumbnail size-woocommerce_gallery_thumbnail wp-image-328\" alt=\"\" srcset=\"https:\/\/financiocr.com\/wp-content\/uploads\/2023\/08\/iconos_Mesa-de-trabajo-1-copia-7-100x100.png 100w, https:\/\/financiocr.com\/wp-content\/uploads\/2023\/08\/iconos_Mesa-de-trabajo-1-copia-7-150x150.png 150w, https:\/\/financiocr.com\/wp-content\/uploads\/2023\/08\/iconos_Mesa-de-trabajo-1-copia-7-200x200.png 200w, https:\/\/financiocr.com\/wp-content\/uploads\/2023\/08\/iconos_Mesa-de-trabajo-1-copia-7.png 209w\" sizes=\"(max-width: 100px) 100vw, 100px\" \/>\t\t\t\t\t\t\t\t\t\t\t\t\t\t\t<\/div>\n\t\t\t\t<\/div>\n\t\t\t\t<div class=\"elementor-element elementor-element-4c83b9d elementor-widget elementor-widget-heading\" data-id=\"4c83b9d\" data-element_type=\"widget\" data-widget_type=\"heading.default\">\n\t\t\t\t<div class=\"elementor-widget-container\">\n\t\t\t<h2 class=\"elementor-heading-title elementor-size-default\">04. Aprobaci\u00f3n\n\n<\/h2>\t\t<\/div>\n\t\t\t\t<\/div>\n\t\t\t\t<div class=\"elementor-element elementor-element-b0fe934 elementor-widget elementor-widget-text-editor\" data-id=\"b0fe934\" data-element_type=\"widget\" data-widget_type=\"text-editor.default\">\n\t\t\t\t<div class=\"elementor-widget-container\">\n\t\t\t\t\t\t\t<p>Se emite el cr\u00e9dito seg\u00fan aprobaci\u00f3n de cliente<\/p>\t\t\t\t\t\t<\/div>\n\t\t\t\t<\/div>\n\t\t\t\t\t<\/div>\n\t\t<\/div>\n\t\t\t\t<div class=\"aux-parallax-section elementor-column elementor-col-50 elementor-top-column elementor-element elementor-element-7dab1e0\" data-id=\"7dab1e0\" data-element_type=\"column\">\n\t\t\t<div class=\"elementor-widget-wrap elementor-element-populated\">\n\t\t\t\t\t\t\t\t<div class=\"elementor-element elementor-element-8ff4bdd elementor-widget elementor-widget-image\" data-id=\"8ff4bdd\" data-element_type=\"widget\" data-widget_type=\"image.default\">\n\t\t\t\t<div class=\"elementor-widget-container\">\n\t\t\t\t\t\t\t\t\t\t\t\t\t\t\t<img decoding=\"async\" loading=\"lazy\" width=\"100\" height=\"100\" src=\"https:\/\/financiocr.com\/wp-content\/uploads\/2023\/08\/iconos_Mesa-de-trabajo-1-copia-8-100x100.png\" class=\"attachment-woocommerce_gallery_thumbnail size-woocommerce_gallery_thumbnail wp-image-329\" alt=\"\" srcset=\"https:\/\/financiocr.com\/wp-content\/uploads\/2023\/08\/iconos_Mesa-de-trabajo-1-copia-8-100x100.png 100w, https:\/\/financiocr.com\/wp-content\/uploads\/2023\/08\/iconos_Mesa-de-trabajo-1-copia-8-150x150.png 150w, https:\/\/financiocr.com\/wp-content\/uploads\/2023\/08\/iconos_Mesa-de-trabajo-1-copia-8-200x200.png 200w, https:\/\/financiocr.com\/wp-content\/uploads\/2023\/08\/iconos_Mesa-de-trabajo-1-copia-8.png 209w\" sizes=\"(max-width: 100px) 100vw, 100px\" \/>\t\t\t\t\t\t\t\t\t\t\t\t\t\t\t<\/div>\n\t\t\t\t<\/div>\n\t\t\t\t<div class=\"elementor-element elementor-element-af54107 elementor-widget elementor-widget-heading\" data-id=\"af54107\" data-element_type=\"widget\" data-widget_type=\"heading.default\">\n\t\t\t\t<div class=\"elementor-widget-container\">\n\t\t\t<h2 class=\"elementor-heading-title elementor-size-default\">05. Formalizaci\u00f3n\n\n\n<\/h2>\t\t<\/div>\n\t\t\t\t<\/div>\n\t\t\t\t<div class=\"elementor-element elementor-element-5132ea3 elementor-widget elementor-widget-text-editor\" data-id=\"5132ea3\" data-element_type=\"widget\" data-widget_type=\"text-editor.default\">\n\t\t\t\t<div class=\"elementor-widget-container\">\n\t\t\t\t\t\t\t<p>Se visita la entidad bancaria para finalizar el proceso.<\/p>\t\t\t\t\t\t<\/div>\n\t\t\t\t<\/div>\n\t\t\t\t\t<\/div>\n\t\t<\/div>\n\t\t\t\t\t\t\t<\/div>\n\t\t<\/section>\n\t\t\t\t<section class=\"elementor-section elementor-top-section elementor-element elementor-element-43bb122 elementor-section-boxed elementor-section-height-default elementor-section-height-default\" data-id=\"43bb122\" data-element_type=\"section\">\n\t\t\t\t\t\t<div class=\"elementor-container elementor-column-gap-default\">\n\t\t\t\t\t<div class=\"aux-parallax-section elementor-column elementor-col-100 elementor-top-column elementor-element elementor-element-d308704\" data-id=\"d308704\" data-element_type=\"column\">\n\t\t\t<div class=\"elementor-widget-wrap\">\n\t\t\t\t\t\t\t\t\t<\/div>\n\t\t<\/div>\n\t\t\t\t\t\t\t<\/div>\n\t\t<\/section>\n\t\t\t\t\t\t\t<\/div>\n\t\t","protected":false},"excerpt":{"rendered":"<p>Conozca NUESTRO PROCESO En Financio CR, contamos con un sistema que nos ayuda a ofrecerle los mejores servicios de gesti\u00f3n financiera, contamos con servicio personalizado para brindarle a cada uno de nuestros clientes la mejor experiencia en su gesti\u00f3n crediticia. Solicite su cr\u00e9dito personal ac\u00e1 \u00bfC\u00d3MO FUNCIONA EL TR\u00c1MITE? 01. Filtro inicial Se realiza una [&hellip;]<\/p>\n","protected":false},"author":1,"featured_media":0,"parent":0,"menu_order":0,"comment_status":"closed","ping_status":"closed","template":"","meta":{"footnotes":""},"_links":{"self":[{"href":"https:\/\/financiocr.com\/index.php\/wp-json\/wp\/v2\/pages\/168"}],"collection":[{"href":"https:\/\/financiocr.com\/index.php\/wp-json\/wp\/v2\/pages"}],"about":[{"href":"https:\/\/financiocr.com\/index.php\/wp-json\/wp\/v2\/types\/page"}],"author":[{"embeddable":true,"href":"https:\/\/financiocr.com\/index.php\/wp-json\/wp\/v2\/users\/1"}],"replies":[{"embeddable":true,"href":"https:\/\/financiocr.com\/index.php\/wp-json\/wp\/v2\/comments?post=168"}],"version-history":[{"count":23,"href":"https:\/\/financiocr.com\/index.php\/wp-json\/wp\/v2\/pages\/168\/revisions"}],"predecessor-version":[{"id":496,"href":"https:\/\/financiocr.com\/index.php\/wp-json\/wp\/v2\/pages\/168\/revisions\/496"}],"wp:attachment":[{"href":"https:\/\/financiocr.com\/index.php\/wp-json\/wp\/v2\/media?parent=168"}],"curies":[{"name":"wp","href":"https:\/\/api.w.org\/{rel}","templated":true}]}}